{"id":31,"date":"2017-01-21T00:00:48","date_gmt":"2017-01-21T00:00:48","guid":{"rendered":"http:\/\/blog.stereoscopictures.com\/?page_id=31"},"modified":"2017-06-11T19:05:21","modified_gmt":"2017-06-11T19:05:21","slug":"anaglyphs","status":"publish","type":"page","link":"http:\/\/blog.stereoscopictures.com\/?page_id=31","title":{"rendered":"ANAGLYPHS"},"content":{"rendered":"<p align=\"justify\">Achim Bahr (1)<\/p>\n<p align=\"justify\">There are various methods for viewing stereoscopic picture pairs, but by far the most popular one is the use of anaglyphs. Everyone knows the famous 3D-glasses with their typical red and green filters which almost became synonymous with the idea of stereoscopy itself.<\/p>\n<p align=\"justify\">Compared to the general fame of anaglyphs, oddly enough many enthusiasts and connoisseurs of three-dimensional pictures have a low opinion of this method. They seem to ignore the fact that just this technique made it possible to show stereo slides and \u2014 later on \u2014 also stereo movies not only to one single person but to a large audience at the same time.<\/p>\n<p align=\"justify\">Wilhelm Rollmann has made the invention. His very first instruction for binocular viewing of normally arranged stereo pictures \u2014 by stretching the eyes with the fingertips (2) \u2014 sounds awkward today but seemed easy to him (3). In 1853 he published the innovation of stereoscopic semi-pictures that are complementarily colored and homologously superposed (4). With the help of equivalently colored glasses they are separated by viewing, because \u2014 on a bright surface \u2014 the counter-colored picture gets a dark appearance while the same-colored picture disappears by absorption. A few years later (1858) Charles d&#8217;Almeida (5) described a similar procedure based on the opposite principle where the same-colored picture is bright on a dark surface and the counter-colored becomes invisible (6). This way of handling was not just suitable for projections, but it intentionally has been invented for this purpose. Since 1891 Rollmann&#8217;s technique turns out to be a great success when Louis Ducos du Hauron \u2014 by mistake referring to d&#8217;Almeida \u2014 adapted it for the means of book printing and it was him calling it: Anaglyphs (7).<\/p>\n<p align=\"justify\">As colors on this occasion operate like a physical sieve this method only permits black and white renderings (8). That is the main reason for today&#8217;s disdain of the anaglyphs which do not satisfy the demands of contemporary techniques of projection and reproduction. Apart from the charm of nostalgia, that still radiates from some red\/green-movies, the method with polarised lightbeams nowadays obviously will always be preferred to cause adequate stereo-projection. However, there is no reason why anaglyphs also passed out of use concerning print media. After all \u2014 on condition of sufficient stereo-suitability \u2014 even laymen (9) immediately are able to carry out the effect of plasticity of anaglyphic pictures without any fussy handling with lenses and prisms, which is sometimes followed by lasting frustrations. The above-mentioned popularity of the 3D-glasses still corresponds to a general acceptance. Due to this via anaglyphs stereoscopy could reach a broad audience, and regarding to economic considerations the technique of complementary colors would be the most useful one anyway.<\/p>\n<p align=\"justify\">Nevertheless, the discussion about the pros and cons (10) of anaglyphs gets unimportant the moment Rollmann&#8217;s invention is measured not only by technical but by aesthetic criteria. Even seen without glasses an anaglyphic picture occasionally looks marvellous and in addition it contains some qualities of a unique art form (11). Considering the sensation of Charles Wheatstone&#8217;s discovery (12) that has been the birth of a new and historic outstanding type of picture, the omitted reception of stereoscopy in context of art theory remains a really inconceivable desideratum. Being an artistic medium, the stereoscopic image \u2014 neither in general nor in anaglyphic manner \u2014 so far hardly has been a subject of serious research. But such an examination just of formal-aesthetic points of view would be exceedingly rewarding and interesting, e. g. concerning structural affinities of parallax panoramagrams \u2014 no less also of anaglyphic pictures \u2014 with the stylistic features of Futurism (13).<\/p>\n<p align=\"justify\">Finally, in the field of stereoscopic anamorphosis the anaglyphs kept a domain with no feasible alternatives except vectographs which noticeably are as complicated as expensive. The astonishing plasticity of the fused sense impression here is brought about by the perspectively distorted geometry of the representation that erects in face of the spectator viewing it from a diagonal angle. Fading out its material substance the two-dimensional <em>figure<\/em> changes into a three-dimensional <em>figuration<\/em> causing a fleeting and paradoxical perception by the coincidence of imaginary and real space (14). Last not least that phenomenon makes the anamorphotic variant of stereoscopy also to be a <em>singularity<\/em> of art: a cross between \u2014 and beyond \u2014 painting and sculpture (15). Like a hybrid apparition of a concrete phantom the product of anamorphotic anaglyphs is both novelty and curiosity of visual aesthetics; within stereoscopic anamorphosis, form and function of anaglyphs come to a striking connection which does not only justify this technique to be an artistic discipline, it just also confers the true sense on its name.<\/p>\n<p>&nbsp;<\/p>\n<hr \/>\n<p>&nbsp;<\/p>\n<p>(1) \u00a9 1993 Achim Bahr, <em>Anaglyphen<\/em>. \u2014 First published in <em>3D-Magazin<\/em> 4, Haltern 1993; this version in <em>Stereoscopy<\/em> 2\/36, International Stereoscopic Union 1998; revised by the author, translated by Ulrike Frohn 1998<br \/>\n(2) Wilhelm Rollmann: <em>Notiz zur Stereoskopie<\/em>, J.C. Poggendorffs <em>Annalen der Physik (und Chemie)<\/em>, Halle\/Leipzig 1853, 89, 350pp<br \/>\n(3) Moritz von Rohr: <em>Die binokularen Instrumente<\/em>, Berlin 1920, 101<br \/>\n(4) Wilhelm Rollmann: <em>Zwei neue stereoskopische Methoden<\/em>, Pogg. Ann. 1853, 90, 186pp<br \/>\n(5) Charles d&#8217;Almeida: <em>Ein neuer Stereoskopapparat<\/em>, in: Moritz von Rohr (ed.), <em>Abhandlungen zur Geschichte des Stereoskops<\/em>, Leipzig 1908, 103pp<br \/>\n(6) Otto Vierling pointed out the difference between subtractive and additive use of complementary colors at Rollmann\u00b4s resp. d&#8217;Almeida\u00b4s: <em>Die Stereoskopie in der Photographie und Kinematographie<\/em>, Stuttgart 1965, 209pp<br \/>\n(7) This word formation borrowed from Greek consisting of the prefix <em>ana<\/em> and the verb <em>glyphein<\/em> roughly means <em>embossed<\/em>.<br \/>\n(8) In principle colored anaglyphs can be realized and have been tested, but so far they actually never have been free from residual images; c.f. i.a Otto Vierling, loc. cit., 142pp, as well as Wolfgang Dultz \/ Susanne Klein: <em>Raumbildtechniken fuer den Bildschirm<\/em>, in: Gerhard Kemner (ed.), <em>Stereoskopie<\/em>, cat. Museum f\u00fcr Verkehr und Technik, Berlin 1989, 89pp<br \/>\n(9) and \u2014 contrary to a common opinion \u2014 actually color-blind persons, too<br \/>\n(10) Cf. Otto Vierling, loc. cit., 140pp<br \/>\n(11) A telling example for this is the work by L\u00e1szl\u00f3 P. Fut\u00f3, who defines his anaglyphic painting as an individual style of art; he wants his pictures and painted reliefs to be complete objects of art even and especially seen with bare eyes. L\u00e1szl\u00f3 P. Fut\u00f3: <em>Anaglyph Painting \u2014 A Method of Stereoscopic Formation<\/em>, Z\u00fcrich 1991, 19; a review of the book by Alexander Klein in: <em>3D-Magazin<\/em> 2\/1993, 40<br \/>\n(12) Charles Wheatstone: <em>Beitraege zur Physiologie der Gesichtswahrnehmung<\/em>, in: Moritz von Rohr, see note 5, 3pp<br \/>\n(13) For the subject at this point can&#8217;t get worked out in detail, the author references to an essay \u2014 not yet resp. in excerpts only published \u2014 where he deals with these and further questions: <em>Stereoskopie als angewandte Metaphysik<\/em>, in: Achim Bahr \/ Larry Steindler (ed.), <em>Stereoscopic Theory \u2014 Contributions On Visual Space Perception<\/em> (in prep.)<br \/>\n(14) Cf. Achim Bahr: <em>Aspects of Stereoscopy<\/em>, cat. <em>vision Raum<\/em>, Neckarwerke, Fellbach 1991 (no pag.)<br \/>\n(15) Another essential range of problems is arising here, which never ever has been thought about in this context, briefly expressed with the term of <em>Paragone<\/em>, i.e. the historical competition for predominance of arts; see also note 13<\/p>\n","protected":false},"excerpt":{"rendered":"<p>Achim Bahr (1) There are various methods for viewing stereoscopic picture pairs, but by far the most popular one is the use of anaglyphs. Everyone knows the famous 3D-glasses with their typical red and green filters which almost became synonymous with the idea of stereoscopy itself. Compared to the general fame of anaglyphs, oddly enough\u2026 <span class=\"read-more\"><a href=\"http:\/\/blog.stereoscopictures.com\/?page_id=31\">Read More &raquo;<\/a><\/span><\/p>\n","protected":false},"author":1,"featured_media":0,"parent":0,"menu_order":0,"comment_status":"closed","ping_status":"closed","template":"","meta":{"footnotes":""},"_links":{"self":[{"href":"http:\/\/blog.stereoscopictures.com\/index.php?rest_route=\/wp\/v2\/pages\/31"}],"collection":[{"href":"http:\/\/blog.stereoscopictures.com\/index.php?rest_route=\/wp\/v2\/pages"}],"about":[{"href":"http:\/\/blog.stereoscopictures.com\/index.php?rest_route=\/wp\/v2\/types\/page"}],"author":[{"embeddable":true,"href":"http:\/\/blog.stereoscopictures.com\/index.php?rest_route=\/wp\/v2\/users\/1"}],"replies":[{"embeddable":true,"href":"http:\/\/blog.stereoscopictures.com\/index.php?rest_route=%2Fwp%2Fv2%2Fcomments&post=31"}],"version-history":[{"count":8,"href":"http:\/\/blog.stereoscopictures.com\/index.php?rest_route=\/wp\/v2\/pages\/31\/revisions"}],"predecessor-version":[{"id":453,"href":"http:\/\/blog.stereoscopictures.com\/index.php?rest_route=\/wp\/v2\/pages\/31\/revisions\/453"}],"wp:attachment":[{"href":"http:\/\/blog.stereoscopictures.com\/index.php?rest_route=%2Fwp%2Fv2%2Fmedia&parent=31"}],"curies":[{"name":"wp","href":"https:\/\/api.w.org\/{rel}","templated":true}]}}