{"id":338,"date":"2017-01-23T00:38:19","date_gmt":"2017-01-23T00:38:19","guid":{"rendered":"http:\/\/blog.stereoscopictures.com\/?page_id=338"},"modified":"2017-06-09T23:03:14","modified_gmt":"2017-06-09T23:03:14","slug":"stereoskopie","status":"publish","type":"page","link":"http:\/\/blog.stereoscopictures.com\/?page_id=338","title":{"rendered":"STEREOSKOPIE"},"content":{"rendered":"<p align=\"justify\">Achim Bahr<\/p>\n<p align=\"justify\">Der Begriff Stereoskopie ist eine Wortbildung aus dem Griechischen: <em>stereos<\/em> bedeutet Raum bzw. r\u00e4umlich und ist vor allem im Zusammenhang mit Raum-Ton und -Klang gebr\u00e4uchlich; der zweite Teil des Wortes \u2014 von <em>skopein<\/em>, d. i. sehen, abgeleitet \u2014 wird auch in verschiedenen anderen Kombinationen verwendet, die mit Sehen und Sichtbarmachen zu tun haben: Teleskop, Mikroskop, Kaleidoskop usw.<\/p>\n<p align=\"justify\">Man bezeichnet mit diesem Begriff alle Methoden und Techniken zur Erzeugung und Wiedergabe dreidimensionaler Bilder, die auf dem Prinzip des nat\u00fcrlichen <em>Sehens mit zwei Augen<\/em> beruhen: Durch den Abstand beider Augen zueinander sieht man mit dem linken einen Gegenstand aus einer etwas anderen Blickrichtung als mit dem rechten Auge; diese \u2014 perspektivisch unterschiedlichen \u2014 Ansichten werden im Sehzentrum des Gehirns zu einer einzigen <em>plastischen Wahrnehmung<\/em> verschmolzen. In der Stereoskopie wird dieser Vorgang mittels zweier Abbildungen nachgeahmt, deren Perspektivit\u00e4t der des Augenabstands entspricht. Um den 3D-Effekt hervorzurufen, m\u00fcssen diese stereoskopischen Teilbilder den Augen jedoch getrennt dargeboten werden, damit das linke Auge nur das linke und das rechte Auge nur das rechte Bild zu sehen bekommt.<\/p>\n<p align=\"justify\">Die Entdeckung der Stereoskopie ist dem vielseitigen Physiker Sir Charles Wheatstone, seinerzeit Professor f\u00fcr experimentelle Naturwissenschaften am Kings College in London, zu verdanken. Neben manchen anderen \u2014 wie die des Zeigertelegrafen \u2014 geht auf ihn auch die Erfindung der elektrischen T\u00fcrklingel zur\u00fcck. Seinen bahnbrechenden Vortrag vor der Royal Society am 21. Juni 1838 <em>\u00dcber einige bemerkenswerte und bisher nicht beobachtete Erscheinungen beim beid\u00e4ugigen Sehen<\/em> ver\u00f6ffentlichte er im gleichen Jahr \u2014 also noch vor Erfindung der Fotografie \u2014 als Beitrag in den renommierten Philosophical Transactions; 1852 folgte diesem ersten ein zweiter Teil als Fortsetzung und Erg\u00e4nzung.<\/p>\n<p align=\"justify\">Schon bald nach ihrer Ver\u00f6ffentlichung l\u00f6ste die Entdeckung der Stereoskopie ein unerh\u00f6rt gro\u00dfes Interesse aus und veranlasste zahlreiche namhafte Forscher und Wissenschaftler vor allem in Europa zu weiterf\u00fchrenden Studien und Untersuchungen. Aber auch in weiten Kreisen der Bev\u00f6lkerung wurde die Stereoskopie durch die Verbreitung dreidimensionaler Bildkarten-Serien und handlicher Betrachtungsger\u00e4te sehr schnell so popul\u00e4r, dass Zeitgenossen von einer Stereoskopmanie sprechen konnten; tats\u00e4chlich wurde hier zum ersten Mal das <em>Ph\u00e4nomen eines Massenmediums<\/em> im modernen Sinn erkennbar.<\/p>\n<p align=\"justify\">[1991]<\/p>\n","protected":false},"excerpt":{"rendered":"<p>Achim Bahr Der Begriff Stereoskopie ist eine Wortbildung aus dem Griechischen: stereos bedeutet Raum bzw. r\u00e4umlich und ist vor allem im Zusammenhang mit Raum-Ton und -Klang gebr\u00e4uchlich; der zweite Teil des Wortes \u2014 von skopein, d. i. sehen, abgeleitet \u2014 wird auch in verschiedenen anderen Kombinationen verwendet, die mit Sehen und Sichtbarmachen zu tun haben:\u2026 <span class=\"read-more\"><a href=\"http:\/\/blog.stereoscopictures.com\/?page_id=338\">Read More &raquo;<\/a><\/span><\/p>\n","protected":false},"author":1,"featured_media":0,"parent":0,"menu_order":0,"comment_status":"closed","ping_status":"closed","template":"","meta":{"footnotes":""},"_links":{"self":[{"href":"http:\/\/blog.stereoscopictures.com\/index.php?rest_route=\/wp\/v2\/pages\/338"}],"collection":[{"href":"http:\/\/blog.stereoscopictures.com\/index.php?rest_route=\/wp\/v2\/pages"}],"about":[{"href":"http:\/\/blog.stereoscopictures.com\/index.php?rest_route=\/wp\/v2\/types\/page"}],"author":[{"embeddable":true,"href":"http:\/\/blog.stereoscopictures.com\/index.php?rest_route=\/wp\/v2\/users\/1"}],"replies":[{"embeddable":true,"href":"http:\/\/blog.stereoscopictures.com\/index.php?rest_route=%2Fwp%2Fv2%2Fcomments&post=338"}],"version-history":[{"count":4,"href":"http:\/\/blog.stereoscopictures.com\/index.php?rest_route=\/wp\/v2\/pages\/338\/revisions"}],"predecessor-version":[{"id":451,"href":"http:\/\/blog.stereoscopictures.com\/index.php?rest_route=\/wp\/v2\/pages\/338\/revisions\/451"}],"wp:attachment":[{"href":"http:\/\/blog.stereoscopictures.com\/index.php?rest_route=%2Fwp%2Fv2%2Fmedia&parent=338"}],"curies":[{"name":"wp","href":"https:\/\/api.w.org\/{rel}","templated":true}]}}